{"id":116,"date":"2020-06-16T18:52:45","date_gmt":"2020-06-16T18:52:45","guid":{"rendered":"http:\/\/iffaugsburg.de\/?page_id=116"},"modified":"2021-03-10T01:09:11","modified_gmt":"2021-03-09T23:09:11","slug":"aktivitaten","status":"publish","type":"page","link":"https:\/\/iffaugsburg.de\/tr\/aktivitaten\/","title":{"rendered":"Aktiviteler"},"content":{"rendered":"<ul class=\"wp-block-latest-posts__list has-dates wp-block-latest-posts\"><li><div class=\"wp-block-latest-posts__featured-image aligncenter\"><a href=\"https:\/\/iffaugsburg.de\/tr\/2022\/11\/19\/20-november-2022-internationaler-tag-der-kinderrechte\/\" aria-label=\"20 November 2022 Internationaler Tag der Kinderrechte\"><img loading=\"lazy\" decoding=\"async\" width=\"798\" height=\"653\" src=\"https:\/\/iffaugsburg.de\/wp-content\/uploads\/2022\/11\/20-Kasim-Dunya-Cocuk-Haklari-Gunu.jpg\" class=\"attachment-large size-large wp-post-image\" alt=\"\" style=\"\" srcset=\"https:\/\/iffaugsburg.de\/wp-content\/uploads\/2022\/11\/20-Kasim-Dunya-Cocuk-Haklari-Gunu.jpg 798w, https:\/\/iffaugsburg.de\/wp-content\/uploads\/2022\/11\/20-Kasim-Dunya-Cocuk-Haklari-Gunu-300x245.jpg 300w, https:\/\/iffaugsburg.de\/wp-content\/uploads\/2022\/11\/20-Kasim-Dunya-Cocuk-Haklari-Gunu-768x628.jpg 768w, https:\/\/iffaugsburg.de\/wp-content\/uploads\/2022\/11\/20-Kasim-Dunya-Cocuk-Haklari-Gunu-15x12.jpg 15w, https:\/\/iffaugsburg.de\/wp-content\/uploads\/2022\/11\/20-Kasim-Dunya-Cocuk-Haklari-Gunu-370x303.jpg 370w, https:\/\/iffaugsburg.de\/wp-content\/uploads\/2022\/11\/20-Kasim-Dunya-Cocuk-Haklari-Gunu-760x622.jpg 760w\" sizes=\"auto, (max-width: 798px) 100vw, 798px\" \/><\/a><\/div><a class=\"wp-block-latest-posts__post-title\" href=\"https:\/\/iffaugsburg.de\/tr\/2022\/11\/19\/20-november-2022-internationaler-tag-der-kinderrechte\/\">20 November 2022 Internationaler Tag der Kinderrechte<\/a><time datetime=\"2022-11-19T13:08:45+02:00\" class=\"wp-block-latest-posts__post-date\">Kas\u0131m 19, 2022<\/time><div class=\"wp-block-latest-posts__post-excerpt\">&#8220;Tausende von Kindern und Jugendlichen in der T\u00fcrkei warten verzweifelt darauf, dass die Sonne aufgeht. Wir, die Peaceful Actions Platform, versprechen erneut, dass wir uns daf\u00fcr einsetzen werden,jedes Kind aus&hellip;<\/div><\/li>\n<li><div class=\"wp-block-latest-posts__featured-image aligncenter\"><a href=\"https:\/\/iffaugsburg.de\/tr\/2022\/09\/19\/iffa-kariyer-soeylesileri-devam-ediyor\/\" aria-label=\"\u201cIFFA Kariyer S\u00f6yle\u015fileri\u201d devam ediyor!\"><img loading=\"lazy\" decoding=\"async\" width=\"1024\" height=\"1002\" src=\"https:\/\/iffaugsburg.de\/wp-content\/uploads\/2022\/09\/Nedir-bu-IT-Sektoru-1024x1002.jpeg\" class=\"attachment-large size-large wp-post-image\" alt=\"\" style=\"\" srcset=\"https:\/\/iffaugsburg.de\/wp-content\/uploads\/2022\/09\/Nedir-bu-IT-Sektoru-1024x1002.jpeg 1024w, https:\/\/iffaugsburg.de\/wp-content\/uploads\/2022\/09\/Nedir-bu-IT-Sektoru-300x294.jpeg 300w, https:\/\/iffaugsburg.de\/wp-content\/uploads\/2022\/09\/Nedir-bu-IT-Sektoru-768x752.jpeg 768w, https:\/\/iffaugsburg.de\/wp-content\/uploads\/2022\/09\/Nedir-bu-IT-Sektoru-12x12.jpeg 12w, https:\/\/iffaugsburg.de\/wp-content\/uploads\/2022\/09\/Nedir-bu-IT-Sektoru-370x362.jpeg 370w, https:\/\/iffaugsburg.de\/wp-content\/uploads\/2022\/09\/Nedir-bu-IT-Sektoru-440x430.jpeg 440w, https:\/\/iffaugsburg.de\/wp-content\/uploads\/2022\/09\/Nedir-bu-IT-Sektoru-520x510.jpeg 520w, https:\/\/iffaugsburg.de\/wp-content\/uploads\/2022\/09\/Nedir-bu-IT-Sektoru-760x744.jpeg 760w, https:\/\/iffaugsburg.de\/wp-content\/uploads\/2022\/09\/Nedir-bu-IT-Sektoru.jpeg 1080w\" sizes=\"auto, (max-width: 1024px) 100vw, 1024px\" \/><\/a><\/div><a class=\"wp-block-latest-posts__post-title\" href=\"https:\/\/iffaugsburg.de\/tr\/2022\/09\/19\/iffa-kariyer-soeylesileri-devam-ediyor\/\">\u201cIFFA Kariyer S\u00f6yle\u015fileri\u201d devam ediyor!<\/a><time datetime=\"2022-09-19T21:23:09+02:00\" class=\"wp-block-latest-posts__post-date\">Eyl\u00fcl 19, 2022<\/time><div class=\"wp-block-latest-posts__post-excerpt\">Neden IT\nKariyer f\u0131rsatlar\u0131\nSize uygun bran\u015flar\nSekt\u00f6r\u00fcn gelece\u011fi\n\u00dccret aral\u0131klar\u0131<\/div><\/li>\n<li><div class=\"wp-block-latest-posts__featured-image aligncenter\"><a href=\"https:\/\/iffaugsburg.de\/tr\/2022\/03\/17\/nein-zum-krieg\/\" aria-label=\"Nein zum Krieg!\"><img loading=\"lazy\" decoding=\"async\" width=\"724\" height=\"1024\" src=\"https:\/\/iffaugsburg.de\/wp-content\/uploads\/2022\/03\/SavasaHayirUkraynaKermes-Tr-724x1024.jpeg\" class=\"attachment-large size-large wp-post-image\" alt=\"Sava\u015fa Hay\u0131r! Ma\u011fdurlara Yard\u0131m!\" style=\"\" srcset=\"https:\/\/iffaugsburg.de\/wp-content\/uploads\/2022\/03\/SavasaHayirUkraynaKermes-Tr-724x1024.jpeg 724w, https:\/\/iffaugsburg.de\/wp-content\/uploads\/2022\/03\/SavasaHayirUkraynaKermes-Tr-1086x1536.jpeg 1086w\" sizes=\"auto, (max-width: 724px) 100vw, 724px\" \/><\/a><\/div><a class=\"wp-block-latest-posts__post-title\" href=\"https:\/\/iffaugsburg.de\/tr\/2022\/03\/17\/nein-zum-krieg\/\">Nein zum Krieg!<\/a><time datetime=\"2022-03-17T11:53:59+02:00\" class=\"wp-block-latest-posts__post-date\">Mart 17, 2022<\/time><div class=\"wp-block-latest-posts__post-excerpt\">Sehr geehrte Damen und Herren,\nhiermit w\u00fcrden wir Sie ganz herzlich zu unserem Hilfsprojekt f\u00fcr die Ukraine einladen.<\/div><\/li>\n<li><div class=\"wp-block-latest-posts__featured-image aligncenter\"><a href=\"https:\/\/iffaugsburg.de\/tr\/2022\/03\/17\/savasa-hayir\/\" aria-label=\"Sava\u015fa Hay\u0131r!\"><img loading=\"lazy\" decoding=\"async\" width=\"724\" height=\"1024\" src=\"https:\/\/iffaugsburg.de\/wp-content\/uploads\/2022\/03\/SavasaHayirUkraynaKermes-Tr-724x1024.jpeg\" class=\"attachment-large size-large wp-post-image\" alt=\"Sava\u015fa Hay\u0131r! Ma\u011fdurlara Yard\u0131m!\" style=\"\" srcset=\"https:\/\/iffaugsburg.de\/wp-content\/uploads\/2022\/03\/SavasaHayirUkraynaKermes-Tr-724x1024.jpeg 724w, https:\/\/iffaugsburg.de\/wp-content\/uploads\/2022\/03\/SavasaHayirUkraynaKermes-Tr-1086x1536.jpeg 1086w\" sizes=\"auto, (max-width: 724px) 100vw, 724px\" \/><\/a><\/div><a class=\"wp-block-latest-posts__post-title\" href=\"https:\/\/iffaugsburg.de\/tr\/2022\/03\/17\/savasa-hayir\/\">Sava\u015fa Hay\u0131r!<\/a><time datetime=\"2022-03-17T00:35:34+02:00\" class=\"wp-block-latest-posts__post-date\">Mart 17, 2022<\/time><div class=\"wp-block-latest-posts__post-excerpt\">Ukrayna&#8217;daki sava\u015f ma\u011fdurlar\u0131na destek ad\u0131na Augsburg Ukrayna Derne\u011fi ile d\u00fczenledi\u011fimiz kermesimize davetlisiniz.<\/div><\/li>\n<li><div class=\"wp-block-latest-posts__featured-image aligncenter\"><a href=\"https:\/\/iffaugsburg.de\/tr\/2022\/03\/16\/duenya-kadinlar-guenue\/\" aria-label=\"D\u00fcnya Kad\u0131nlar G\u00fcn\u00fc\"><img loading=\"lazy\" decoding=\"async\" width=\"693\" height=\"624\" src=\"https:\/\/iffaugsburg.de\/wp-content\/uploads\/2022\/03\/IMG-20220312-WA0039-e1647459655502.jpg\" class=\"attachment-large size-large wp-post-image\" alt=\"\" style=\"\" srcset=\"https:\/\/iffaugsburg.de\/wp-content\/uploads\/2022\/03\/IMG-20220312-WA0039-e1647459655502.jpg 693w, https:\/\/iffaugsburg.de\/wp-content\/uploads\/2022\/03\/IMG-20220312-WA0039-e1647459655502-300x270.jpg 300w, https:\/\/iffaugsburg.de\/wp-content\/uploads\/2022\/03\/IMG-20220312-WA0039-e1647459655502-13x12.jpg 13w, https:\/\/iffaugsburg.de\/wp-content\/uploads\/2022\/03\/IMG-20220312-WA0039-e1647459655502-370x333.jpg 370w\" sizes=\"auto, (max-width: 693px) 100vw, 693px\" \/><\/a><\/div><a class=\"wp-block-latest-posts__post-title\" href=\"https:\/\/iffaugsburg.de\/tr\/2022\/03\/16\/duenya-kadinlar-guenue\/\">D\u00fcnya Kad\u0131nlar G\u00fcn\u00fc<\/a><time datetime=\"2022-03-16T21:54:04+02:00\" class=\"wp-block-latest-posts__post-date\">Mart 16, 2022<\/time><div class=\"wp-block-latest-posts__post-excerpt\">8 Mart D\u00fcnya Kad\u0131nlar g\u00fcn\u00fc etkinli\u011fimiz kapsam\u0131nda, heim ve kamplarda kalan han\u0131mefendileri aileleriyle birlikte a\u011f\u0131rlad\u0131k. Etkinli\u011fimize davetli olarak kat\u0131lan ve konu\u015fmalar\u0131yla katk\u0131da bulunan SPD Stadtr\u00e4tin Augsburg Frau Sieglinde Wisniewski ve&hellip;<\/div><\/li>\n<li><div class=\"wp-block-latest-posts__featured-image aligncenter\"><a href=\"https:\/\/iffaugsburg.de\/tr\/2021\/05\/23\/ilo-kararlari\/\" aria-label=\"ILO Kararlar\u0131\"><img loading=\"lazy\" decoding=\"async\" width=\"1024\" height=\"575\" src=\"https:\/\/iffaugsburg.de\/wp-content\/uploads\/2021\/05\/ILO-Kararlari-featured-1024x575.jpg\" class=\"attachment-large size-large wp-post-image\" alt=\"\" style=\"\" srcset=\"https:\/\/iffaugsburg.de\/wp-content\/uploads\/2021\/05\/ILO-Kararlari-featured-1024x575.jpg 1024w, https:\/\/iffaugsburg.de\/wp-content\/uploads\/2021\/05\/ILO-Kararlari-featured-300x168.jpg 300w, https:\/\/iffaugsburg.de\/wp-content\/uploads\/2021\/05\/ILO-Kararlari-featured-768x431.jpg 768w, https:\/\/iffaugsburg.de\/wp-content\/uploads\/2021\/05\/ILO-Kararlari-featured-16x9.jpg 16w, https:\/\/iffaugsburg.de\/wp-content\/uploads\/2021\/05\/ILO-Kararlari-featured-370x208.jpg 370w, https:\/\/iffaugsburg.de\/wp-content\/uploads\/2021\/05\/ILO-Kararlari-featured-1170x658.jpg 1170w, https:\/\/iffaugsburg.de\/wp-content\/uploads\/2021\/05\/ILO-Kararlari-featured-760x427.jpg 760w, https:\/\/iffaugsburg.de\/wp-content\/uploads\/2021\/05\/ILO-Kararlari-featured-770x433.jpg 770w, https:\/\/iffaugsburg.de\/wp-content\/uploads\/2021\/05\/ILO-Kararlari-featured-270x152.jpg 270w, https:\/\/iffaugsburg.de\/wp-content\/uploads\/2021\/05\/ILO-Kararlari-featured.jpg 1174w\" sizes=\"auto, (max-width: 1024px) 100vw, 1024px\" \/><\/a><\/div><a class=\"wp-block-latest-posts__post-title\" href=\"https:\/\/iffaugsburg.de\/tr\/2021\/05\/23\/ilo-kararlari\/\">ILO Kararlar\u0131<\/a><time datetime=\"2021-05-23T14:11:24+02:00\" class=\"wp-block-latest-posts__post-date\">May\u0131s 23, 2021<\/time><div class=\"wp-block-latest-posts__post-excerpt\"><\/div><\/li>\n<li><div class=\"wp-block-latest-posts__featured-image aligncenter\"><a href=\"https:\/\/iffaugsburg.de\/tr\/2021\/05\/09\/anneligin-psikolojisi-webinari\/\" aria-label=\"Anneli\u011fin Psikolojisi Webinar\u0131\"><img loading=\"lazy\" decoding=\"async\" width=\"570\" height=\"320\" src=\"https:\/\/iffaugsburg.de\/wp-content\/uploads\/2021\/05\/Anneligin-Psikolojisi-Webinar-16.05.2021-featured.jpeg\" class=\"attachment-large size-large wp-post-image\" alt=\"\" style=\"\" srcset=\"https:\/\/iffaugsburg.de\/wp-content\/uploads\/2021\/05\/Anneligin-Psikolojisi-Webinar-16.05.2021-featured.jpeg 570w, https:\/\/iffaugsburg.de\/wp-content\/uploads\/2021\/05\/Anneligin-Psikolojisi-Webinar-16.05.2021-featured-300x168.jpeg 300w, https:\/\/iffaugsburg.de\/wp-content\/uploads\/2021\/05\/Anneligin-Psikolojisi-Webinar-16.05.2021-featured-16x9.jpeg 16w, https:\/\/iffaugsburg.de\/wp-content\/uploads\/2021\/05\/Anneligin-Psikolojisi-Webinar-16.05.2021-featured-370x208.jpeg 370w, https:\/\/iffaugsburg.de\/wp-content\/uploads\/2021\/05\/Anneligin-Psikolojisi-Webinar-16.05.2021-featured-270x152.jpeg 270w\" sizes=\"auto, (max-width: 570px) 100vw, 570px\" \/><\/a><\/div><a class=\"wp-block-latest-posts__post-title\" href=\"https:\/\/iffaugsburg.de\/tr\/2021\/05\/09\/anneligin-psikolojisi-webinari\/\">Anneli\u011fin Psikolojisi Webinar\u0131<\/a><time datetime=\"2021-05-09T12:57:38+02:00\" class=\"wp-block-latest-posts__post-date\">May\u0131s 9, 2021<\/time><div class=\"wp-block-latest-posts__post-excerpt\"><\/div><\/li>\n<li><div class=\"wp-block-latest-posts__featured-image aligncenter\"><a href=\"https:\/\/iffaugsburg.de\/tr\/2021\/05\/09\/gemeinsames-gebet\/\" aria-label=\"Gemeinsames Gebet\"><img loading=\"lazy\" decoding=\"async\" width=\"570\" height=\"320\" src=\"https:\/\/iffaugsburg.de\/wp-content\/uploads\/2021\/05\/Gemeinsames-Gebet-04.05.2021-1-e1620553323879.jpeg\" class=\"attachment-large size-large wp-post-image\" alt=\"\" style=\"\" srcset=\"https:\/\/iffaugsburg.de\/wp-content\/uploads\/2021\/05\/Gemeinsames-Gebet-04.05.2021-1-e1620553323879.jpeg 570w, https:\/\/iffaugsburg.de\/wp-content\/uploads\/2021\/05\/Gemeinsames-Gebet-04.05.2021-1-e1620553323879-300x168.jpeg 300w, https:\/\/iffaugsburg.de\/wp-content\/uploads\/2021\/05\/Gemeinsames-Gebet-04.05.2021-1-e1620553323879-16x9.jpeg 16w, https:\/\/iffaugsburg.de\/wp-content\/uploads\/2021\/05\/Gemeinsames-Gebet-04.05.2021-1-e1620553323879-370x208.jpeg 370w, https:\/\/iffaugsburg.de\/wp-content\/uploads\/2021\/05\/Gemeinsames-Gebet-04.05.2021-1-e1620553323879-270x152.jpeg 270w\" sizes=\"auto, (max-width: 570px) 100vw, 570px\" \/><\/a><\/div><a class=\"wp-block-latest-posts__post-title\" href=\"https:\/\/iffaugsburg.de\/tr\/2021\/05\/09\/gemeinsames-gebet\/\">Gemeinsames Gebet<\/a><time datetime=\"2021-05-09T11:40:00+02:00\" class=\"wp-block-latest-posts__post-date\">May\u0131s 9, 2021<\/time><div class=\"wp-block-latest-posts__post-excerpt\">Als Frohsinn Bildungszentrum Augsburg e.V., Rumi Kulturforum Augsburg e.V. und IFFA sind wir in diesem Jahr der Fastenzeit (Ramadan), als Musliminnen und Muslime, um den gesellschaftlichen Aspekt aufrechterhalten zu k\u00f6nnen&hellip;<\/div><\/li>\n<\/ul>","protected":false},"excerpt":{"rendered":"","protected":false},"author":1,"featured_media":0,"parent":0,"menu_order":0,"comment_status":"closed","ping_status":"closed","template":"","meta":{"pagelayer_contact_templates":[],"_pagelayer_content":"","footnotes":""},"class_list":["post-116","page","type-page","status-publish","hentry"],"aioseo_notices":[],"_links":{"self":[{"href":"https:\/\/iffaugsburg.de\/tr\/wp-json\/wp\/v2\/pages\/116","targetHints":{"allow":["GET"]}}],"collection":[{"href":"https:\/\/iffaugsburg.de\/tr\/wp-json\/wp\/v2\/pages"}],"about":[{"href":"https:\/\/iffaugsburg.de\/tr\/wp-json\/wp\/v2\/types\/page"}],"author":[{"embeddable":true,"href":"https:\/\/iffaugsburg.de\/tr\/wp-json\/wp\/v2\/users\/1"}],"replies":[{"embeddable":true,"href":"https:\/\/iffaugsburg.de\/tr\/wp-json\/wp\/v2\/comments?post=116"}],"version-history":[{"count":2,"href":"https:\/\/iffaugsburg.de\/tr\/wp-json\/wp\/v2\/pages\/116\/revisions"}],"predecessor-version":[{"id":420,"href":"https:\/\/iffaugsburg.de\/tr\/wp-json\/wp\/v2\/pages\/116\/revisions\/420"}],"wp:attachment":[{"href":"https:\/\/iffaugsburg.de\/tr\/wp-json\/wp\/v2\/media?parent=116"}],"curies":[{"name":"wp","href":"https:\/\/api.w.org\/{rel}","templated":true}]}}