{"id":71,"date":"2020-06-17T08:20:36","date_gmt":"2020-06-17T08:20:36","guid":{"rendered":"http:\/\/iffaugsburg.de\/?page_id=71"},"modified":"2020-06-17T09:36:19","modified_gmt":"2020-06-17T09:36:19","slug":"gonullu-formu","status":"publish","type":"page","link":"https:\/\/iffaugsburg.de\/tr\/antragsformulare\/gonullu-formu\/","title":{"rendered":"G\u00f6n\u00fcll\u00fc Formu"},"content":{"rendered":"<p><iframe loading=\"lazy\" src=\"https:\/\/docs.google.com\/forms\/d\/e\/1FAIpQLScjsWJkb_zpFddsLaXOAsjl2BZIiWkHVmnZEOKJgBvULUDaCg\/viewform?embedded=true\" width=\"700\" height=\"520\" frameborder=\"0\" marginheight=\"0\" marginwidth=\"0\">Y\u00fckleniyor\u2026<\/iframe><\/p>","protected":false},"excerpt":{"rendered":"<p>Y\u00fckleniyor\u2026<\/p>","protected":false},"author":1,"featured_media":0,"parent":146,"menu_order":0,"comment_status":"closed","ping_status":"closed","template":"","meta":{"pagelayer_contact_templates":[],"_pagelayer_content":"","footnotes":""},"class_list":["post-71","page","type-page","status-publish","hentry"],"aioseo_notices":[],"_links":{"self":[{"href":"https:\/\/iffaugsburg.de\/tr\/wp-json\/wp\/v2\/pages\/71","targetHints":{"allow":["GET"]}}],"collection":[{"href":"https:\/\/iffaugsburg.de\/tr\/wp-json\/wp\/v2\/pages"}],"about":[{"href":"https:\/\/iffaugsburg.de\/tr\/wp-json\/wp\/v2\/types\/page"}],"author":[{"embeddable":true,"href":"https:\/\/iffaugsburg.de\/tr\/wp-json\/wp\/v2\/users\/1"}],"replies":[{"embeddable":true,"href":"https:\/\/iffaugsburg.de\/tr\/wp-json\/wp\/v2\/comments?post=71"}],"version-history":[{"count":6,"href":"https:\/\/iffaugsburg.de\/tr\/wp-json\/wp\/v2\/pages\/71\/revisions"}],"predecessor-version":[{"id":155,"href":"https:\/\/iffaugsburg.de\/tr\/wp-json\/wp\/v2\/pages\/71\/revisions\/155"}],"up":[{"embeddable":true,"href":"https:\/\/iffaugsburg.de\/tr\/wp-json\/wp\/v2\/pages\/146"}],"wp:attachment":[{"href":"https:\/\/iffaugsburg.de\/tr\/wp-json\/wp\/v2\/media?parent=71"}],"curies":[{"name":"wp","href":"https:\/\/api.w.org\/{rel}","templated":true}]}}