{"id":9,"date":"2020-02-27T07:13:07","date_gmt":"2020-02-27T05:13:07","guid":{"rendered":"http:\/\/iffaugsburg.de\/?page_id=9"},"modified":"2020-12-08T23:10:32","modified_gmt":"2020-12-08T21:10:32","slug":"uber-uns","status":"publish","type":"page","link":"https:\/\/iffaugsburg.de\/tr\/uber-uns\/","title":{"rendered":"Unsere Satzung"},"content":{"rendered":"<div class=\"wp-block-group\"><div class=\"wp-block-group__inner-container is-layout-flow wp-block-group-is-layout-flow\"><div class=\"svg-flag flag-icon-background flag-icon-de\" style=\"width:3em; height:3em;\"><\/div>\n\n\n<div class=\"wp-block-group\"><div class=\"wp-block-group__inner-container is-layout-flow wp-block-group-is-layout-flow\">\n<p><a href=\"https:\/\/docs.google.com\/document\/d\/1s2IFxK0i0egylpKZJ4n-B-ahzgZh1XHmnEBdgiT4gwo\/edit?usp=sharing\" target=\"_blank\" rel=\"noreferrer noopener\" title=\"https:\/\/docs.google.com\/document\/d\/1s2IFxK0i0egylpKZJ4n-B-ahzgZh1XHmnEBdgiT4gwo\/edit?usp=sharing\">Satzung<\/a><\/p>\n<\/div><\/div>\n<\/div><\/div>\n\n\n\n<p><strong>Pr\u00e4ambel<\/strong><\/p>\n\n\n\n<p>Initiative f\u00fcr Fl\u00fcchtlinge Augsburg (IFFA) ist eine Initiative, die von Freiwilligen gegr\u00fcndet worden ist. Sie ist die Stimme der Menschen, die in der T\u00fcrkei und in allen anderen L\u00e4ndern der Welt verfolgt und unterdr\u00fcckt werden und verteidigt die Rechte dieser Menschen, unabh\u00e4ngig von der Religionszugeh\u00f6rigkeit, ethnischer Herkunft, Hautfarbe oder Geschlecht.<\/p>\n\n\n\n<p><strong>Die Vision<\/strong><\/p>\n\n\n\n<p>Die IFFA, m\u00f6chte zu einer demokratischen Welt beitragen, in der alle Menschen gleichberechtigt sind und in W\u00fcrde leben.<\/p>\n\n\n\n<p><strong>Gr\u00fcndungsziele&nbsp;<\/strong><\/p>\n\n\n\n<p>Unabh\u00e4ngig der Religions- oder konfessioneller Zugeh\u00f6rigkeit, ethnischer Herkunft, Hautfarbe oder Geschlecht, vor allem Menschen, die in der T\u00fcrkei und \u00fcberall auf der ganzen Welt unterdr\u00fcckt werden und Unterst\u00fctzung ben\u00f6tigen, jenen in jeglicher FormHilfe anzubieten.<\/p>\n\n\n\n<p>Menschen, die ihr Land wegen Ungerechtigkeit oder durch Unterdr\u00fcckung verlassen mussten;<\/p>\n\n\n\n<ul class=\"wp-block-list\"><li>Die Beratung der Betroffenen, um eine rasche Integration in die Gesellschaft wegwei\u00dfend zu erm\u00f6glichen.<\/li><li>Die Unterst\u00fctzung und M\u00f6glichkeit gew\u00e4hrleisten bei Arbeitssuche, Kommunikation und Kontakt mit Arbeitgeberverb\u00e4nden\/-kammern.<\/li><li>Basierend auf ihre Qualifikationen, den Einstieg in den Berufsleben oder dem Studium zu erleichtern.<\/li><li>Unterst\u00fctzung der betroffenen Kinder bei der Integration in die Schule.<\/li><li>Unterst\u00fctzung der betroffenen Menschen bei ihrem Rechtsstreit.<\/li><li>Unterst\u00fctzung beim Sprachenlernen und Verhelfen beimErzielen eines l\u00f6sungsorientierten Ergebnisses.<\/li><li>Unterst\u00fctzung bei Wohnungs-bzw. Haussuche.<\/li><li>Menschen \/ Familien dabei helfen, die \u00e4hnliches erlebt haben, zu verbinden und Bekanntmachungen gegenseitig, und ihnengemeinsame Sozialaktivit\u00e4ten erm\u00f6glichen.<\/li><\/ul>\n\n\n\n<ul class=\"wp-block-list\"><li>Durchf\u00fchrung gemeinsamer Projekte durch Kontaktaufnahme mit nationalen oder internationalen Hilfsorganisationen.<\/li><li>Die in der T\u00fcrkei und \u00fcberall auf der Welt, die unterdr\u00fcckt und ungerecht behandelt werden, zu finden oder zu ermitteln und diese an die zugeh\u00f6rigen Hilfsorganisationen und Beh\u00f6rdenweiterleiten.<\/li><li>Durchf\u00fchrung und Organisation, je nach Notwendigkeit, von Schulungen und Seminare bzw. Bildungsseminare.<\/li><\/ul>\n\n\n\n<p><strong>Arbeitsweise<\/strong><\/p>\n\n\n\n<ul class=\"wp-block-list\"><li>Kooperationen mit Organisationen, die \u00e4hnlichen Ziel streben, k\u00f6nnen erfolgen.<\/li><li>Im Bedarfsfall k\u00f6nnen vom Vorstand Arbeitskreise gebildet werden.<\/li><li>Die Mitglieder werden \u00fcber j\u00e4hrliche Aktivit\u00e4ten und Ziele informiert.<\/li><\/ul>\n\n\n\n<p><strong>Durchf\u00fchrung der Aktivit\u00e4ten<\/strong><\/p>\n\n\n\n<ul class=\"wp-block-list\"><li>Besuch bei Beh\u00f6rden.<\/li><li>Besuch bei Personen.<\/li><li>Organisation von Panels, Schulungen und Seminaren.<\/li><li>Organisation von Fotoausstellungen.<\/li><li>\u00dcber die Medien, wie durch Interviews, Zeitungen und dem Fernseher die Viktimisierung zu verbreiten.<\/li><li>Newsletter, Brosch\u00fcren und Bekanntmachungen erstellen und an relevante Orte verteilen.<\/li><li>Die Geschichten der verfolgten und unterdr\u00fcckten Personen werden festgehalten und \u00fcbersetzt.<\/li><li>Die Unterst\u00fctzung bei der Kommunikation zwischen Familien mit unterschiedlichem Status st\u00e4rken.<\/li><li>Ein Umfeld f\u00fcr die Familien erm\u00f6glichen, wo Sozialaktivit\u00e4ten, wie Picknicks oder andere kollektive Aktivit\u00e4ten und Kontakte verkn\u00fcpft werden k\u00f6nnen.<\/li><li>Deutschland bez\u00fcglich der Fl\u00fcchtlingshilfe bei den zustande kommenden Gelegenheiten danken.<\/li><\/ul>\n\n\n\n<p><strong>Mitgliedschaft<\/strong><\/p>\n\n\n\n<ul class=\"wp-block-list\"><li>Die Mitgliedschaft erfolgt durch Ausf\u00fcllen des Mitgliedsantragsformular, der dem Sekret\u00e4r \u00fcbermittelt wird.<\/li><li>Neben dem Antragsformular sollten ein Ausweiskopie und ein kurzgefasster Lebenslauf beigef\u00fcgt werden.<\/li><li>Gem\u00e4\u00df der Stiftungszwecken kann jeder eine Mitgliedschaft beantragen.<\/li><li>Die Aufgabenteilung und -verteilung unter den Mitgliedern ist basierend auf Zielen.<\/li><li>Beim Mitgliedstreffen k\u00f6nnen die Aufgabenteilungen je nach Neuerungen und \u00c4nderungen gewechselt werden.<\/li><li>Die Mitgliedschaft kann jederzeit durch einen Antrag beim Sekret\u00e4r gek\u00fcndigt werden.<\/li><\/ul>\n\n\n\n<p><strong>Der Vorstand<\/strong><\/p>\n\n\n\n<ul class=\"wp-block-list\"><li>Der Vorstand besteht aus f\u00fcnf Personen, die unter den Mitgliedern gew\u00e4hlt wird.<\/li><li>Die Vorstandsmitglieder werden f\u00fcr sechs Monate gew\u00e4hlt. Diese werden mit absoluter Mehrheit gew\u00e4hlt.<\/li><li>Die Vorstandsmitglieder bleiben im Amt, bis ein neuer Vorstand gew\u00e4hlt worden ist. Falls kein neuer Vorstand in diesen sechs Monaten gew\u00e4hlt werden kann, so wird derselbe Vorstand bis zu den n\u00e4chsten Wahlen im Amt bleiben.\u00a0<\/li><li>Der Vorstand tagt nach einem bestimmten Zeitplan zusammen. Je nach Aktivit\u00e4tsintensivit\u00e4t und H\u00e4ufigkeit der Besprechungen k\u00f6nnen \u00c4nderungen vorgenommen werden.<\/li><li>Der Vorstand w\u00e4hlt ein Vorsitzender, der, bis Beendigung der sechsmonatigen Amtszeit aktiv bleibt.<\/li><li>Unter dem Vorstand wird ein Sekret\u00e4r auserw\u00e4hlt, der f\u00fcr den Korrespondenz der Initiative zust\u00e4ndig ist.<\/li><li>Unter den Mitgliedern k\u00f6nnen unterschiedlich, abh\u00e4ngig je nach auszuf\u00fchrenden Aktivit\u00e4ten,<\/li><li>Arbeitsgruppen gebildet werden.<\/li><\/ul>\n\n\n\n<p><strong>Tagung und Entscheidungen<\/strong><\/p>\n\n\n\n<ul class=\"wp-block-list\"><li>Der Vorstand beruft mindestens die H\u00e4lfte der Gesamtzahlder Mitglieder, um Entscheidungen zu treffen.<\/li><li>Die Mitglieder nehmen auf Einladung an den Sitzungen teil.<\/li><li>Entscheidungen werden \u00fcber soziale Medien, Online und mithilfe \u00e4hnliche Hilfeorganisationen schriftlich bekannt gemacht.\u00a0<\/li><\/ul>\n\n\n\n<p><strong>Beitr\u00e4ge und Finanzen<\/strong><\/p>\n\n\n\n<ul class=\"wp-block-list\"><li>Es besteht kein Mitgliedsbeitrag.<\/li><li>Die Ausgaben werden durch freiwillige Spenden der Mitglieder oder dritter beglichen.<\/li><\/ul>\n\n\n\n<p><strong>Aufl\u00f6sung<\/strong><\/p>\n\n\n\n<ul class=\"wp-block-list\"><li>Die Initiativgruppe kann durch Entscheidung mit absoluter Mehrheit der Mitglieder aufgel\u00f6st werden.<\/li><\/ul>\n\n\n<div class=\"svg-flag flag-icon-background flag-icon-tr\" style=\"width:3em; height:3em;\"><\/div>\n\n\n<p><a href=\"https:\/\/docs.google.com\/document\/d\/1QzQb5NMuGrWX-2lKFe_0o-UZYZ0M5Y1SpHa7DA682M0\/edit?usp=sharing\" target=\"_blank\" rel=\"noreferrer noopener\">T\u00fcz\u00fc\u011f\u00fcm\u00fcz<\/a> <\/p>\n\n\n\n<p><strong>Giri\u015f<\/strong><\/p>\n\n\n\n<p>Initiative f\u00fcr Fl\u00fcchtlinge Augsburg (IFFA); T\u00fcrkiye&#8217;de ve d\u00fcnyan\u0131n di\u011fer t\u00fcm \u00fclkelerinde zul\u00fcm g\u00f6ren ve ezilen insanlar\u0131n sesi olmay\u0131 ve dini ba\u011fl\u0131l\u0131klar\u0131, etnik k\u00f6kenleri, ten rengi veya cinsiyeti ne olursa olsun bu insanlar\u0131n haklar\u0131n\u0131 savunmak amac\u0131yla, g\u00f6n\u00fcll\u00fcler taraf\u0131ndan kurulmu\u015f bir inisiyatiftir.&nbsp;&nbsp;<\/p>\n\n\n\n<p><strong>Vizyon<\/strong><\/p>\n\n\n\n<p>IFFA, her insan\u0131n e\u015fit oldu\u011fu ve onur i\u00e7inde ya\u015fad\u0131\u011f\u0131 demokratik bir d\u00fcnyaya katk\u0131da bulunmay\u0131 ama\u00e7lamaktad\u0131r.&nbsp;<\/p>\n\n\n\n<p><strong>Kurulu\u015f Amac\u0131 ve Hedefleri<\/strong><\/p>\n\n\n\n<ul class=\"wp-block-list\"><li>Dini ba\u011fl\u0131l\u0131k, etnik k\u00f6ken, ten rengi ya da cinsiyet ay\u0131r\u0131m\u0131 g\u00f6zetmeksizin ba\u015fta T\u00fcrkiye olmak \u00fczere d\u00fcnyan\u0131n herhangi bir yerinde zul\u00fcm g\u00f6ren ve ezilen insanlara destek olmak,<\/li><li>Yap\u0131lan haks\u0131z uygulamalar\u0131, belirleyece\u011fi etkinliklerle geni\u015f kitlelere ula\u015ft\u0131rarak kamuoyu olu\u015fturmak,<\/li><li>Yap\u0131lan haks\u0131zl\u0131klardan dolay\u0131 bulunduklar\u0131 \u00fclkeyi terk etmek zorunda kalan insanlara,&nbsp;<\/li><\/ul>\n\n\n\n<div class=\"wp-block-group\"><div class=\"wp-block-group__inner-container is-layout-flow wp-block-group-is-layout-flow\">\n<ul class=\"wp-block-list\"><li>Bulunduklar\u0131 topluma h\u0131zl\u0131 entegre olmalar\u0131 i\u00e7in tavsiyelerde ve y\u00f6nlendirmelerde bulunmak,<\/li><li>\u0130\u015f arama a\u015famas\u0131nda; i\u015fveren \u00f6rg\u00fctleri\/odalar\u0131 ile ileti\u015fim ve ba\u011flant\u0131 kurmalar\u0131 konusunda destek sa\u011flamak.&nbsp;<\/li><li>Kariyerlerine ba\u015flamalar\u0131n\u0131 kolayla\u015ft\u0131rmak i\u00e7in derecelerine ve niteliklerine g\u00f6re dan\u0131\u015fmanl\u0131k yapmak,<\/li><li>\u00c7ocuklar\u0131n\u0131n okula entegre olmalar\u0131 konusunda destek olmak,<\/li><li>Yasal m\u00fccadelelerinde destek olmak,<\/li><li>Dil \u00f6\u011frenmesi konusunda yard\u0131mc\u0131 olmak ve bu ama\u00e7la kolayla\u015ft\u0131r\u0131c\u0131 \u00e7\u00f6z\u00fcmler \u00fcretmek.<\/li><li>Ev bulmalar\u0131 konusunda yard\u0131mc\u0131 olmak<\/li><li>Benzer s\u00fcre\u00e7leri ya\u015fam\u0131\u015f ki\u015filer\/ailelerle ba\u011flant\u0131 kurma konusunda yard\u0131mc\u0131 olmak, toplu aktivitelerle tan\u0131\u015fma ve kayna\u015fma ortamlar\u0131 olu\u015fturmak<\/li><\/ul>\n\n\n\n<ul class=\"wp-block-list\"><li>Ulusal veya Uluslararas\u0131 yard\u0131m kurulu\u015flar\u0131yla temasa ge\u00e7erek ortak projeler yapmak.<\/li><li>T\u00fcrkiye\u2019 de ve d\u00fcnyan\u0131n ba\u015fka bir b\u00f6lgesinde haks\u0131zl\u0131\u011fa u\u011fram\u0131\u015f insanlar\u0131 tespit etmek ve ilgili makamlara gerekli ba\u015fvurular\u0131 yapmak.<\/li><li>Gerekli g\u00f6r\u00fclen konularda e\u011fitim ve seminerler d\u00fczenlemek.<\/li><\/ul>\n<\/div><\/div>\n\n\n\n<p><strong>\u00c7al\u0131\u015fma \u015eekli<\/strong><strong><\/strong><\/p>\n\n\n\n<ul class=\"wp-block-list\"><li>Gerekli g\u00f6r\u00fclen durumlarda benzer hedeflere sahip kurulu\u015flarla i\u015f birli\u011fi yap\u0131l\u0131r.<\/li><li>Gerekirse y\u00f6netim kurulu taraf\u0131ndan belli hedeflere y\u00f6nelik \u00e7al\u0131\u015fma gruplar\u0131 olu\u015fturulur.<\/li><li>Y\u0131ll\u0131k olarak yap\u0131lan faaliyetlerle ilgili ve hedeflerle ilgili \u00fcyelere bilgilendirme yap\u0131l\u0131r.<\/li><\/ul>\n\n\n\n<p><strong>\u0130nisiyatif Grubunun Yapabilece\u011fi Faaliyetler<\/strong><\/p>\n\n\n\n<ul class=\"wp-block-list\"><li>Yetkili makamlar\u0131 ve ki\u015fileri ziyaret etmek,&nbsp;<\/li><li>Panel, e\u011fitim ve seminerler d\u00fczenlemek,<\/li><li>Foto\u011fraf sergisi ger\u00e7ekle\u015ftirmek,<\/li><li>R\u00f6portajlar, gazete ve TV\u2018lere \u00e7\u0131k\u0131larak ma\u011fduriyeti daha g\u00fc\u00e7l\u00fc anlatmaya \u00e7al\u0131\u015fmak,<\/li><li>B\u00fcltenler, bro\u015f\u00fcrler ve bilgi notlar\u0131 haz\u0131rlamak ve ilgili yerlere da\u011f\u0131tmak,<\/li><li>Ma\u011fduriyet hikayelerinin yaz\u0131lmas\u0131 ve terc\u00fcmelerinin yap\u0131lmas\u0131n\u0131 sa\u011flamak,<\/li><li>\u0130leti\u015fimi kuvvetlendirmek ad\u0131na farkl\u0131 stat\u00fcdeki aileler aras\u0131nda ileti\u015fime destek olmak,<\/li><li>Piknikler ve farkl\u0131 toplu aktivitelerle ailelerin tan\u0131\u015fma ve kayna\u015fmalar\u0131na ortam sa\u011flamak,<\/li><li>Almanya\u2018ya m\u00fcltecilere yard\u0131mlar\u0131ndan dolay\u0131 her f\u0131rsatta&nbsp; te\u015fekk\u00fcr etmek.<\/li><\/ul>\n\n\n\n<p><strong>\u00dcyelik<\/strong><\/p>\n\n\n\n<ul class=\"wp-block-list\"><li>\u00dcyelik, \u201c\u00dcyelik Ba\u015fvuru Formu\u201dnu doldurmak ve sekretaryaya sunmak suretiyle ger\u00e7ekle\u015fir.<\/li><li>Ba\u015fvuru a\u015famas\u0131nda \u00dcyelik Ba\u015fvuru Formu yan\u0131nda kimlik belgesinin bir kopyas\u0131 ve k\u0131sa bir \u00f6zge\u00e7mi\u015f sunulmal\u0131d\u0131r.<\/li><li>Kurulu\u015f ama\u00e7lar\u0131 do\u011frultusunda isteyen herkes \u00fcyelik ba\u015fvurusunda bulunabilir.<\/li><li>G\u00f6revlerin \u00fcyeler aras\u0131ndaki da\u011f\u0131l\u0131m\u0131 hedeflere dayanmaktad\u0131r. Toplant\u0131larda g\u00f6revlerle ilgili g\u00fcncelleme ve de\u011fi\u015fiklik yap\u0131labilir.<\/li><li>\u00dcyelik, ki\u015finin iste\u011fi \u00fczerine sekretaryaya sunaca\u011f\u0131 bir dilek\u00e7e ile sona erer.&nbsp;<\/li><\/ul>\n\n\n\n<p><strong>Y\u00f6netim Kurulu<\/strong><\/p>\n\n\n\n<ul class=\"wp-block-list\"><li>Y\u00f6netim kurulu, \u00fcyeler aras\u0131ndan, en az 5 ki\u015fi olacak \u015fekilde se\u00e7ilir.<\/li><li>Y\u00f6netim kurulu \u00fcyeleri alt\u0131 ay i\u00e7in se\u00e7ilirler.<\/li><li>Y\u00f6netim kurulu \u00fcyeleri salt \u00e7o\u011funluk ile \u00fcyeler taraf\u0131ndan se\u00e7ilir.<\/li><li>Y\u00f6netim kurulu \u00fcyeleri yeni bir kurul se\u00e7ilene kadar g\u00f6revde kal\u0131rlar. Bu alt\u0131 ay i\u00e7inde olmazsa, yeni se\u00e7ime kadar ayn\u0131 y\u00f6netim Kurulu g\u00f6revine devam eder.<\/li><li>Kurul belirli bir programa g\u00f6re toplan\u0131r. Faaliyet yo\u011funlu\u011funa g\u00f6re, toplant\u0131 s\u0131kl\u0131\u011f\u0131 de\u011fi\u015fiklik g\u00f6sterebilir.<\/li><li>Kurul, \u00fcyeleri aras\u0131ndan bir ba\u015fkan se\u00e7ilir ve se\u00e7ilen ki\u015fi Y\u00f6netim Kurulu g\u00f6revine devam etti\u011fi s\u00fcrece Ba\u015fkanl\u0131k g\u00f6revine devam eder.<\/li><li>Kurul \u00fcyeleri aras\u0131ndan bir sekreter se\u00e7ilir ve \u0130nisiyatif grubunun sekretarya ve yaz\u0131\u015fmalar\u0131n\u0131 bu ki\u015fi takip eder.<\/li><li>\u00dcyeler aras\u0131ndan, ger\u00e7ekle\u015ftirilecek faaliyete g\u00f6re, \u00e7al\u0131\u015fma gruplar\u0131 olu\u015fturulabilir.<\/li><\/ul>\n\n\n\n<p><strong>Toplant\u0131 ve Karar Alma<\/strong><\/p>\n\n\n\n<ul class=\"wp-block-list\"><li>Y\u00f6netim kurulu \u00fcye tam say\u0131s\u0131n\u0131n en az yar\u0131s\u0131 ile toplan\u0131r ve karar al\u0131r.<\/li><li>Toplant\u0131lara davet \u00fczerine \u00fcyelerde kat\u0131l\u0131r.&nbsp;<\/li><li>Al\u0131nan kararlar sosyal medya yoluyla, internet \u00fczerinden ve bu konuda destek al\u0131nabilecek kurulu\u015flar\u0131n ilan panosuna as\u0131larak yaz\u0131l\u0131 \u015fekilde yap\u0131l\u0131r.<\/li><\/ul>\n\n\n\n<p><strong>Mali Yap\u0131<\/strong><\/p>\n\n\n\n<ul class=\"wp-block-list\"><li>\u00dcyelik \u00fccreti al\u0131nmaz.<\/li><li>Masraflar, \u00fcyelerden veya \u00fc\u00e7\u00fcnc\u00fc taraflardan al\u0131nan ba\u011f\u0131\u015flarla kar\u015f\u0131lan\u0131r.<\/li><\/ul>\n\n\n\n<p><strong>Fesih&nbsp;<\/strong><\/p>\n\n\n\n<ul class=\"wp-block-list\"><li>\u0130nisiyatif grubu salt \u00e7o\u011funluk karar\u0131 ile feshedilebilir.<\/li><\/ul>\n\n\n\n<p><\/p>","protected":false},"excerpt":{"rendered":"<p>Satzung Pr\u00e4ambel Initiative f\u00fcr Fl\u00fcchtlinge Augsburg (IFFA) ist eine Initiative, die von Freiwilligen gegr\u00fcndet worden ist. Sie ist die Stimme der Menschen, die in der T\u00fcrkei und in allen anderen L\u00e4ndern der Welt verfolgt und unterdr\u00fcckt werden und verteidigt die Rechte dieser Menschen, unabh\u00e4ngig von der Religionszugeh\u00f6rigkeit, ethnischer Herkunft, Hautfarbe oder Geschlecht. Die Vision Die IFFA, m\u00f6chte zu einer demokratischen&hellip;<\/p>","protected":false},"author":1,"featured_media":0,"parent":0,"menu_order":0,"comment_status":"closed","ping_status":"closed","template":"","meta":{"pagelayer_contact_templates":[],"_pagelayer_content":"","footnotes":""},"class_list":["post-9","page","type-page","status-publish","hentry"],"aioseo_notices":[],"_links":{"self":[{"href":"https:\/\/iffaugsburg.de\/tr\/wp-json\/wp\/v2\/pages\/9","targetHints":{"allow":["GET"]}}],"collection":[{"href":"https:\/\/iffaugsburg.de\/tr\/wp-json\/wp\/v2\/pages"}],"about":[{"href":"https:\/\/iffaugsburg.de\/tr\/wp-json\/wp\/v2\/types\/page"}],"author":[{"embeddable":true,"href":"https:\/\/iffaugsburg.de\/tr\/wp-json\/wp\/v2\/users\/1"}],"replies":[{"embeddable":true,"href":"https:\/\/iffaugsburg.de\/tr\/wp-json\/wp\/v2\/comments?post=9"}],"version-history":[{"count":10,"href":"https:\/\/iffaugsburg.de\/tr\/wp-json\/wp\/v2\/pages\/9\/revisions"}],"predecessor-version":[{"id":322,"href":"https:\/\/iffaugsburg.de\/tr\/wp-json\/wp\/v2\/pages\/9\/revisions\/322"}],"wp:attachment":[{"href":"https:\/\/iffaugsburg.de\/tr\/wp-json\/wp\/v2\/media?parent=9"}],"curies":[{"name":"wp","href":"https:\/\/api.w.org\/{rel}","templated":true}]}}